{"id":1136,"date":"2024-08-05T09:46:36","date_gmt":"2024-08-05T08:46:36","guid":{"rendered":"https:\/\/tmevenementiel.fr\/?page_id=1136"},"modified":"2025-12-29T19:09:00","modified_gmt":"2025-12-29T18:09:00","slug":"politiques-de-confidentialite-et-mentions-legales","status":"publish","type":"page","link":"https:\/\/tmevenementiel.fr\/?page_id=1136","title":{"rendered":"RGPD"},"content":{"rendered":"\t\t<div data-elementor-type=\"wp-page\" data-elementor-id=\"1136\" class=\"elementor elementor-1136\">\n\t\t\t\t\t\t<section class=\"elementor-section elementor-top-section elementor-element elementor-element-9226c5f elementor-section-full_width elementor-section-height-default elementor-section-height-default\" data-id=\"9226c5f\" data-element_type=\"section\" data-e-type=\"section\">\n\t\t\t\t\t\t<div class=\"elementor-container elementor-column-gap-no\">\n\t\t\t\t\t<div class=\"elementor-column elementor-col-100 elementor-top-column elementor-element elementor-element-9d5a2fd\" data-id=\"9d5a2fd\" data-element_type=\"column\" data-e-type=\"column\">\n\t\t\t<div class=\"elementor-widget-wrap elementor-element-populated\">\n\t\t\t\t\t\t<div class=\"elementor-element elementor-element-13e5a03 elementor-widget__width-inherit e-transform e-transform e-transform elementor-invisible elementor-widget elementor-widget-heading\" data-id=\"13e5a03\" data-element_type=\"widget\" data-e-type=\"widget\" data-settings=\"{&quot;_animation&quot;:&quot;fadeIn&quot;,&quot;_transform_rotateZ_effect&quot;:{&quot;unit&quot;:&quot;px&quot;,&quot;size&quot;:&quot;&quot;,&quot;sizes&quot;:[]},&quot;_transform_rotateZ_effect_tablet&quot;:{&quot;unit&quot;:&quot;deg&quot;,&quot;size&quot;:&quot;&quot;,&quot;sizes&quot;:[]},&quot;_transform_rotateZ_effect_mobile&quot;:{&quot;unit&quot;:&quot;deg&quot;,&quot;size&quot;:&quot;&quot;,&quot;sizes&quot;:[]},&quot;_transform_translateX_effect&quot;:{&quot;unit&quot;:&quot;px&quot;,&quot;size&quot;:&quot;&quot;,&quot;sizes&quot;:[]},&quot;_transform_translateX_effect_tablet&quot;:{&quot;unit&quot;:&quot;px&quot;,&quot;size&quot;:&quot;&quot;,&quot;sizes&quot;:[]},&quot;_transform_translateX_effect_mobile&quot;:{&quot;unit&quot;:&quot;px&quot;,&quot;size&quot;:&quot;&quot;,&quot;sizes&quot;:[]},&quot;_transform_translateY_effect&quot;:{&quot;unit&quot;:&quot;px&quot;,&quot;size&quot;:&quot;&quot;,&quot;sizes&quot;:[]},&quot;_transform_translateY_effect_tablet&quot;:{&quot;unit&quot;:&quot;px&quot;,&quot;size&quot;:&quot;&quot;,&quot;sizes&quot;:[]},&quot;_transform_translateY_effect_mobile&quot;:{&quot;unit&quot;:&quot;px&quot;,&quot;size&quot;:&quot;&quot;,&quot;sizes&quot;:[]},&quot;_transform_scale_effect&quot;:{&quot;unit&quot;:&quot;px&quot;,&quot;size&quot;:&quot;&quot;,&quot;sizes&quot;:[]},&quot;_transform_scale_effect_tablet&quot;:{&quot;unit&quot;:&quot;px&quot;,&quot;size&quot;:&quot;&quot;,&quot;sizes&quot;:[]},&quot;_transform_scale_effect_mobile&quot;:{&quot;unit&quot;:&quot;px&quot;,&quot;size&quot;:&quot;&quot;,&quot;sizes&quot;:[]}}\" data-widget_type=\"heading.default\">\n\t\t\t\t<div class=\"elementor-widget-container\">\n\t\t\t\t\t<h2 class=\"elementor-heading-title elementor-size-default\">POLITIQUES DE CONFIDENTIALIT\u00c9 ET MENTIONS L\u00c9GALES<\/h2>\t\t\t\t<\/div>\n\t\t\t\t<\/div>\n\t\t\t\t\t<\/div>\n\t\t<\/div>\n\t\t\t\t\t<\/div>\n\t\t<\/section>\n\t\t\t\t<section class=\"elementor-section elementor-top-section elementor-element elementor-element-acfa4c6 elementor-section-boxed elementor-section-height-default elementor-section-height-default elementor-invisible\" data-id=\"acfa4c6\" data-element_type=\"section\" data-e-type=\"section\" data-settings=\"{&quot;animation&quot;:&quot;fadeIn&quot;}\">\n\t\t\t\t\t\t<div class=\"elementor-container elementor-column-gap-default\">\n\t\t\t\t\t<div class=\"elementor-column elementor-col-100 elementor-top-column elementor-element elementor-element-97bd9b4\" data-id=\"97bd9b4\" data-element_type=\"column\" data-e-type=\"column\">\n\t\t\t<div class=\"elementor-widget-wrap elementor-element-populated\">\n\t\t\t\t\t\t<div class=\"elementor-element elementor-element-6dc9fa2 elementor-widget elementor-widget-text-editor\" data-id=\"6dc9fa2\" data-element_type=\"widget\" data-e-type=\"widget\" data-widget_type=\"text-editor.default\">\n\t\t\t\t<div class=\"elementor-widget-container\">\n\t\t\t\t\t\t\t\t\t<h3><span style=\"color: #ffffff;\">Politique de Confidentialit\u00e9<\/span><\/h3><p><strong>1. Introduction<\/strong><\/p><p>La pr\u00e9sente politique de confidentialit\u00e9 d\u00e9crit comment \u00ab\u00a0TM EVENEMENTIEL\u00a0\u00bb collecte, utilise et prot\u00e8ge les informations personnelles que vous nous fournissez lorsque vous utilisez notre site web et nos services. Nous nous engageons \u00e0 prot\u00e9ger votre vie priv\u00e9e et \u00e0 garantir la s\u00e9curit\u00e9 de vos donn\u00e9es.<\/p><p><strong>2. Donn\u00e9es Collect\u00e9es<\/strong><\/p><p>Nous pouvons collecter les types de donn\u00e9es suivants :<\/p><ul><li><strong>Informations personnelles<\/strong> : MIALLET, Th\u00e9o, tmevenementiel@gmail.com, 06 61 71 41 23.<\/li><li><strong>Informations sur l&rsquo;entreprise<\/strong> : TM \u00c9V\u00c8NEMENTIEL.<\/li><li><b>Statut<\/b>\u00a0: micro entreprise d&rsquo;\u00e9v\u00e8nementielle.<\/li><\/ul><p><strong>3. Utilisation des Donn\u00e9es<\/strong><\/p><p>Les informations collect\u00e9es peuvent \u00eatre utilis\u00e9es pour :<\/p><ul><li>Fournir et am\u00e9liorer nos services.<\/li><li>Communiquer avec vous concernant nos services et r\u00e9pondre \u00e0 vos demandes.<\/li><li>G\u00e9rer notre relation commerciale avec vous.<\/li><li>Se conformer \u00e0 nos obligations l\u00e9gales.<\/li><\/ul><p><strong>4. Partage des Donn\u00e9es<\/strong><\/p><p>Nous ne vendons pas, ne louons pas et ne divulguons pas vos informations personnelles \u00e0 des tiers sans votre consentement, sauf si la loi l&rsquo;exige.<\/p><p><strong>5. S\u00e9curit\u00e9 des Donn\u00e9es<\/strong><\/p><p>Nous mettons en \u0153uvre des mesures de s\u00e9curit\u00e9 appropri\u00e9es pour prot\u00e9ger vos informations personnelles contre tout acc\u00e8s non autoris\u00e9, modification, divulgation ou destruction.<\/p><p><strong>6. Vos Droits<\/strong><\/p><p>Vous avez le droit d&rsquo;acc\u00e9der \u00e0 vos donn\u00e9es personnelles, de les corriger, de les supprimer ou de limiter leur traitement. Pour exercer ces droits, veuillez nous contacter \u00e0 l&rsquo;adresse suivante : tmevenementiel@gmail.com<\/p><p><strong>7. Modifications de la Politique de Confidentialit\u00e9<\/strong><\/p><p>Nous nous r\u00e9servons le droit de modifier cette politique de confidentialit\u00e9 \u00e0 tout moment. Toute modification sera publi\u00e9e sur cette page.<\/p><p><strong>8. Contact<\/strong><\/p><p>Pour toute question concernant cette politique de confidentialit\u00e9, veuillez nous contacter \u00e0 tmevenementiel@gmail.com<\/p>\t\t\t\t\t\t\t\t<\/div>\n\t\t\t\t<\/div>\n\t\t\t\t\t<\/div>\n\t\t<\/div>\n\t\t\t\t\t<\/div>\n\t\t<\/section>\n\t\t\t\t<section class=\"elementor-section elementor-top-section elementor-element elementor-element-5b262d7 elementor-section-boxed elementor-section-height-default elementor-section-height-default elementor-invisible\" data-id=\"5b262d7\" data-element_type=\"section\" data-e-type=\"section\" data-settings=\"{&quot;animation&quot;:&quot;fadeIn&quot;}\">\n\t\t\t\t\t\t<div class=\"elementor-container elementor-column-gap-default\">\n\t\t\t\t\t<div class=\"elementor-column elementor-col-100 elementor-top-column elementor-element elementor-element-8a8991d\" data-id=\"8a8991d\" data-element_type=\"column\" data-e-type=\"column\">\n\t\t\t<div class=\"elementor-widget-wrap elementor-element-populated\">\n\t\t\t\t\t\t<div class=\"elementor-element elementor-element-09174bb elementor-widget elementor-widget-text-editor\" data-id=\"09174bb\" data-element_type=\"widget\" data-e-type=\"widget\" data-widget_type=\"text-editor.default\">\n\t\t\t\t<div class=\"elementor-widget-container\">\n\t\t\t\t\t\t\t\t\t<h3><span style=\"color: #ffffff;\">Mentions L\u00e9gales<\/span><\/h3><p><strong>1. Informations G\u00e9n\u00e9rales<\/strong><\/p><p>Nom de l&rsquo;entreprise : TM EVENEMENTIEL<br \/>Statut juridique : micro entreprise<br \/>Num\u00e9ro de TVA : non applicable, article 293B du code g\u00e9n\u00e9ral des imp\u00f4ts<br \/>Num\u00e9ro de t\u00e9l\u00e9phone : 06 61 71 41 23<br \/>Adresse e-mail : tmevenementiel@gmail.com<br \/>Num\u00e9ro SIRET : 912 991 684 00016<br \/>Directeur de l&rsquo;entreprise : MIALLET Th\u00e9o<\/p><p><strong>2. Propri\u00e9t\u00e9 Intellectuelle<\/strong><\/p><p>Le contenu de ce site, y compris les textes, images, et logos, est la propri\u00e9t\u00e9 exclusive de TM EVENEMENTIEL, sauf indication contraire. Toute reproduction ou repr\u00e9sentation, totale ou partielle, est interdite sans autorisation pr\u00e9alable.<\/p><p><strong>3. Limitation de Responsabilit\u00e9<\/strong><\/p><p>TM EVENEMENTIEL s&rsquo;efforce de fournir des informations pr\u00e9cises et \u00e0 jour sur son site web. Toutefois, nous ne pouvons garantir l&rsquo;exactitude ou l&rsquo;exhaustivit\u00e9 des informations disponibles. TM EVENEMENTIEL d\u00e9cline toute responsabilit\u00e9 en cas d&rsquo;erreur ou d&rsquo;omission dans le contenu du site.<\/p><p><strong>4. Liens Hypertextes<\/strong><\/p><p>Le site peut contenir des liens vers des sites tiers. TM EVENEMENTIEL n&rsquo;assume aucune responsabilit\u00e9 quant au contenu de ces sites.<\/p><p><strong>5. Droit Applicable<\/strong><\/p><p>Les pr\u00e9sentes mentions l\u00e9gales sont r\u00e9gies par le droit fran\u00e7ais. Tout litige relatif \u00e0 l&rsquo;utilisation du site sera soumis \u00e0 la comp\u00e9tence exclusive des tribunaux fran\u00e7ais.<\/p>\t\t\t\t\t\t\t\t<\/div>\n\t\t\t\t<\/div>\n\t\t\t\t\t<\/div>\n\t\t<\/div>\n\t\t\t\t\t<\/div>\n\t\t<\/section>\n\t\t\t\t<\/div>\n\t\t","protected":false},"excerpt":{"rendered":"<p>POLITIQUES DE CONFIDENTIALIT\u00c9 ET MENTIONS L\u00c9GALES Politique de Confidentialit\u00e9 1. Introduction La pr\u00e9sente politique de confidentialit\u00e9 d\u00e9crit comment \u00ab\u00a0TM EVENEMENTIEL\u00a0\u00bb collecte, utilise et prot\u00e8ge les informations personnelles que vous nous fournissez lorsque vous utilisez notre site web et nos services. Nous nous engageons \u00e0 prot\u00e9ger votre vie priv\u00e9e et \u00e0 garantir la s\u00e9curit\u00e9 de vos [&hellip;]<\/p>\n","protected":false},"author":1,"featured_media":0,"parent":0,"menu_order":0,"comment_status":"closed","ping_status":"closed","template":"","meta":{"site-sidebar-layout":"no-sidebar","site-content-layout":"page-builder","ast-site-content-layout":"full-width-container","site-content-style":"default","site-sidebar-style":"default","ast-global-header-display":"","ast-banner-title-visibility":"","ast-main-header-display":"","ast-hfb-above-header-display":"","ast-hfb-below-header-display":"","ast-hfb-mobile-header-display":"","site-post-title":"","ast-breadcrumbs-content":"","ast-featured-img":"disabled","footer-sml-layout":"","ast-disable-related-posts":"","theme-transparent-header-meta":"","adv-header-id-meta":"","stick-header-meta":"","header-above-stick-meta":"","header-main-stick-meta":"","header-below-stick-meta":"","astra-migrate-meta-layouts":"set","ast-page-background-enabled":"default","ast-page-background-meta":{"desktop":{"background-color":"var(--ast-global-color-4)","background-image":"","background-repeat":"repeat","background-position":"center center","background-size":"auto","background-attachment":"scroll","background-type":"","background-media":"","overlay-type":"","overlay-color":"","overlay-opacity":"","overlay-gradient":""},"tablet":{"background-color":"","background-image":"","background-repeat":"repeat","background-position":"center center","background-size":"auto","background-attachment":"scroll","background-type":"","background-media":"","overlay-type":"","overlay-color":"","overlay-opacity":"","overlay-gradient":""},"mobile":{"background-color":"","background-image":"","background-repeat":"repeat","background-position":"center center","background-size":"auto","background-attachment":"scroll","background-type":"","background-media":"","overlay-type":"","overlay-color":"","overlay-opacity":"","overlay-gradient":""}},"ast-content-background-meta":{"desktop":{"background-color":"var(--ast-global-color-5)","background-image":"","background-repeat":"repeat","background-position":"center center","background-size":"auto","background-attachment":"scroll","background-type":"","background-media":"","overlay-type":"","overlay-color":"","overlay-opacity":"","overlay-gradient":""},"tablet":{"background-color":"var(--ast-global-color-5)","background-image":"","background-repeat":"repeat","background-position":"center center","background-size":"auto","background-attachment":"scroll","background-type":"","background-media":"","overlay-type":"","overlay-color":"","overlay-opacity":"","overlay-gradient":""},"mobile":{"background-color":"var(--ast-global-color-5)","background-image":"","background-repeat":"repeat","background-position":"center center","background-size":"auto","background-attachment":"scroll","background-type":"","background-media":"","overlay-type":"","overlay-color":"","overlay-opacity":"","overlay-gradient":""}},"footnotes":""},"class_list":["post-1136","page","type-page","status-publish","hentry"],"yoast_head":"<!-- This site is optimized with the Yoast SEO plugin v27.6 - https:\/\/yoast.com\/product\/yoast-seo-wordpress\/ -->\n<title>RGPD -<\/title>\n<meta name=\"description\" content=\"Consultez notre politique de confidentialit\u00e9 et nos mentions l\u00e9gales pour en savoir plus sur la protection de vos donn\u00e9es personnelles, les conditions d&#039;utilisation de notre site, et vos droits en mati\u00e8re de confidentialit\u00e9. Nous nous engageons \u00e0 garantir la s\u00e9curit\u00e9 et la transparence de vos informations.\" \/>\n<meta name=\"robots\" content=\"index, follow, max-snippet:-1, max-image-preview:large, max-video-preview:-1\" \/>\n<link rel=\"canonical\" href=\"https:\/\/tmevenementiel.fr\/?page_id=1136\" \/>\n<meta property=\"og:locale\" content=\"fr_FR\" \/>\n<meta property=\"og:type\" content=\"article\" \/>\n<meta property=\"og:title\" content=\"RGPD -\" \/>\n<meta property=\"og:description\" content=\"Consultez notre politique de confidentialit\u00e9 et nos mentions l\u00e9gales pour en savoir plus sur la protection de vos donn\u00e9es personnelles, les conditions d&#039;utilisation de notre site, et vos droits en mati\u00e8re de confidentialit\u00e9. Nous nous engageons \u00e0 garantir la s\u00e9curit\u00e9 et la transparence de vos informations.\" \/>\n<meta property=\"og:url\" content=\"https:\/\/tmevenementiel.fr\/?page_id=1136\" \/>\n<meta property=\"article:publisher\" content=\"https:\/\/m.facebook.com\/tmevenementiel\/\" \/>\n<meta property=\"article:modified_time\" content=\"2025-12-29T18:09:00+00:00\" \/>\n<meta name=\"twitter:label1\" content=\"Dur\u00e9e de lecture estim\u00e9e\" \/>\n\t<meta name=\"twitter:data1\" content=\"3 minutes\" \/>\n<script type=\"application\/ld+json\" class=\"yoast-schema-graph\">{\"@context\":\"https:\\\/\\\/schema.org\",\"@graph\":[{\"@type\":\"WebPage\",\"@id\":\"https:\\\/\\\/tmevenementiel.fr\\\/?page_id=1136\",\"url\":\"https:\\\/\\\/tmevenementiel.fr\\\/?page_id=1136\",\"name\":\"RGPD -\",\"isPartOf\":{\"@id\":\"https:\\\/\\\/tmevenementiel.fr\\\/#website\"},\"datePublished\":\"2024-08-05T08:46:36+00:00\",\"dateModified\":\"2025-12-29T18:09:00+00:00\",\"description\":\"Consultez notre politique de confidentialit\u00e9 et nos mentions l\u00e9gales pour en savoir plus sur la protection de vos donn\u00e9es personnelles, les conditions d'utilisation de notre site, et vos droits en mati\u00e8re de confidentialit\u00e9. Nous nous engageons \u00e0 garantir la s\u00e9curit\u00e9 et la transparence de vos informations.\",\"inLanguage\":\"fr-FR\",\"potentialAction\":[{\"@type\":\"ReadAction\",\"target\":[\"https:\\\/\\\/tmevenementiel.fr\\\/?page_id=1136\"]}]},{\"@type\":\"WebSite\",\"@id\":\"https:\\\/\\\/tmevenementiel.fr\\\/#website\",\"url\":\"https:\\\/\\\/tmevenementiel.fr\\\/\",\"name\":\"\",\"description\":\"\",\"potentialAction\":[{\"@type\":\"SearchAction\",\"target\":{\"@type\":\"EntryPoint\",\"urlTemplate\":\"https:\\\/\\\/tmevenementiel.fr\\\/?s={search_term_string}\"},\"query-input\":{\"@type\":\"PropertyValueSpecification\",\"valueRequired\":true,\"valueName\":\"search_term_string\"}}],\"inLanguage\":\"fr-FR\"}]}<\/script>\n<!-- \/ Yoast SEO plugin. -->","yoast_head_json":{"title":"RGPD -","description":"Consultez notre politique de confidentialit\u00e9 et nos mentions l\u00e9gales pour en savoir plus sur la protection de vos donn\u00e9es personnelles, les conditions d'utilisation de notre site, et vos droits en mati\u00e8re de confidentialit\u00e9. Nous nous engageons \u00e0 garantir la s\u00e9curit\u00e9 et la transparence de vos informations.","robots":{"index":"index","follow":"follow","max-snippet":"max-snippet:-1","max-image-preview":"max-image-preview:large","max-video-preview":"max-video-preview:-1"},"canonical":"https:\/\/tmevenementiel.fr\/?page_id=1136","og_locale":"fr_FR","og_type":"article","og_title":"RGPD -","og_description":"Consultez notre politique de confidentialit\u00e9 et nos mentions l\u00e9gales pour en savoir plus sur la protection de vos donn\u00e9es personnelles, les conditions d'utilisation de notre site, et vos droits en mati\u00e8re de confidentialit\u00e9. Nous nous engageons \u00e0 garantir la s\u00e9curit\u00e9 et la transparence de vos informations.","og_url":"https:\/\/tmevenementiel.fr\/?page_id=1136","article_publisher":"https:\/\/m.facebook.com\/tmevenementiel\/","article_modified_time":"2025-12-29T18:09:00+00:00","twitter_misc":{"Dur\u00e9e de lecture estim\u00e9e":"3 minutes"},"schema":{"@context":"https:\/\/schema.org","@graph":[{"@type":"WebPage","@id":"https:\/\/tmevenementiel.fr\/?page_id=1136","url":"https:\/\/tmevenementiel.fr\/?page_id=1136","name":"RGPD -","isPartOf":{"@id":"https:\/\/tmevenementiel.fr\/#website"},"datePublished":"2024-08-05T08:46:36+00:00","dateModified":"2025-12-29T18:09:00+00:00","description":"Consultez notre politique de confidentialit\u00e9 et nos mentions l\u00e9gales pour en savoir plus sur la protection de vos donn\u00e9es personnelles, les conditions d'utilisation de notre site, et vos droits en mati\u00e8re de confidentialit\u00e9. Nous nous engageons \u00e0 garantir la s\u00e9curit\u00e9 et la transparence de vos informations.","inLanguage":"fr-FR","potentialAction":[{"@type":"ReadAction","target":["https:\/\/tmevenementiel.fr\/?page_id=1136"]}]},{"@type":"WebSite","@id":"https:\/\/tmevenementiel.fr\/#website","url":"https:\/\/tmevenementiel.fr\/","name":"","description":"","potentialAction":[{"@type":"SearchAction","target":{"@type":"EntryPoint","urlTemplate":"https:\/\/tmevenementiel.fr\/?s={search_term_string}"},"query-input":{"@type":"PropertyValueSpecification","valueRequired":true,"valueName":"search_term_string"}}],"inLanguage":"fr-FR"}]}},"_links":{"self":[{"href":"https:\/\/tmevenementiel.fr\/index.php?rest_route=\/wp\/v2\/pages\/1136","targetHints":{"allow":["GET"]}}],"collection":[{"href":"https:\/\/tmevenementiel.fr\/index.php?rest_route=\/wp\/v2\/pages"}],"about":[{"href":"https:\/\/tmevenementiel.fr\/index.php?rest_route=\/wp\/v2\/types\/page"}],"author":[{"embeddable":true,"href":"https:\/\/tmevenementiel.fr\/index.php?rest_route=\/wp\/v2\/users\/1"}],"replies":[{"embeddable":true,"href":"https:\/\/tmevenementiel.fr\/index.php?rest_route=%2Fwp%2Fv2%2Fcomments&post=1136"}],"version-history":[{"count":12,"href":"https:\/\/tmevenementiel.fr\/index.php?rest_route=\/wp\/v2\/pages\/1136\/revisions"}],"predecessor-version":[{"id":1580,"href":"https:\/\/tmevenementiel.fr\/index.php?rest_route=\/wp\/v2\/pages\/1136\/revisions\/1580"}],"wp:attachment":[{"href":"https:\/\/tmevenementiel.fr\/index.php?rest_route=%2Fwp%2Fv2%2Fmedia&parent=1136"}],"curies":[{"name":"wp","href":"https:\/\/api.w.org\/{rel}","templated":true}]}}